{"id":57,"date":"2026-02-08T07:07:47","date_gmt":"2026-02-08T07:07:47","guid":{"rendered":"https:\/\/oxipro-nettoyage.fr\/?page_id=57"},"modified":"2026-02-10T09:03:42","modified_gmt":"2026-02-10T09:03:42","slug":"a-propos","status":"publish","type":"page","link":"https:\/\/oxipro-nettoyage.fr\/index.php\/a-propos\/","title":{"rendered":"Qui sommes-nous ?"},"content":{"rendered":"\n<div class=\"wp-block-group alignfull has-global-padding is-layout-constrained wp-container-core-group-is-layout-490fa1db wp-block-group-is-layout-constrained\" style=\"padding-top:var(--wp--preset--spacing--50);padding-right:var(--wp--preset--spacing--50);padding-bottom:var(--wp--preset--spacing--50);padding-left:var(--wp--preset--spacing--50)\">\n<div class=\"wp-block-group has-global-padding is-layout-constrained wp-container-core-group-is-layout-650790e1 wp-block-group-is-layout-constrained\">\n<h1 class=\"wp-block-heading has-text-align-center has-x-large-font-size\">Un engagement fort pour un nettoyage \u00e9cologique et responsable<\/h1>\n\n\n\n<div style=\"height:1.25rem\" aria-hidden=\"true\" class=\"wp-block-spacer\"><\/div>\n\n\n\n<p class=\"has-text-align-center\">Fond\u00e9e en 2025, Oxipro Nettoyage s\u2019est rapidement impos\u00e9e comme un acteur de confiance aupr\u00e8s des professionnels et des syndics de propri\u00e9t\u00e9. Gr\u00e2ce \u00e0 la qualit\u00e9 et au s\u00e9rieux de ses prestations, l\u2019entreprise intervient sur les secteurs de <strong>Castelnaudary, Carcassonne, Revel, Toulouse et leurs alentours<\/strong>.<\/p>\n\n\n\n<div style=\"height:1.25rem\" aria-hidden=\"true\" class=\"wp-block-spacer\"><\/div>\n<\/div>\n<\/div>\n\n\n\n<div class=\"wp-block-group alignfull has-base-2-background-color has-background has-global-padding is-layout-constrained wp-container-core-group-is-layout-669513ed wp-block-group-is-layout-constrained\" style=\"margin-top:0;margin-bottom:0;padding-top:var(--wp--preset--spacing--50);padding-right:var(--wp--preset--spacing--50);padding-bottom:var(--wp--preset--spacing--50);padding-left:var(--wp--preset--spacing--50)\">\n<div class=\"wp-block-group is-vertical is-content-justification-center is-layout-flex wp-container-core-group-is-layout-52b864f0 wp-block-group-is-layout-flex\">\n<h2 class=\"wp-block-heading has-text-align-center is-style-asterisk\">Agir pour un environnement plus sain, chaque jour<\/h2>\n\n\n\n<p class=\"has-text-align-center\">Chez Oxipro, nous avons fait le choix d\u2019un nettoyage \u00e9cologique, alliant efficacit\u00e9 et respect de l\u2019environnement. Nous utilisons des produits \u00e9coresponsables et des m\u00e9thodes de travail durables afin de limiter notre impact environnemental, tout en garantissant des r\u00e9sultats impeccables pour nos clients professionnels et particuliers.<\/p>\n<\/div>\n\n\n\n<div style=\"margin-top:0;margin-bottom:0;height:var(--wp--preset--spacing--40)\" aria-hidden=\"true\" class=\"wp-block-spacer\"><\/div>\n\n\n\n<div class=\"wp-block-columns alignwide is-layout-flex wp-container-core-columns-is-layout-d0bbbce0 wp-block-columns-is-layout-flex\">\n<div class=\"wp-block-column is-layout-flow wp-container-core-column-is-layout-e3d1c41b wp-block-column-is-layout-flow\">\n<h3 class=\"wp-block-heading has-text-align-left is-style-asterisk has-body-font-family has-medium-font-size\" style=\"font-style:normal;font-weight:600\">\ud83c\udf31 Nettoyage \u00e9cologique<\/h3>\n\n\n\n<p class=\"has-text-align-left\">Produits \u00e9coresponsables, m\u00e9thodes respectueuses de l\u2019environnement et r\u00e9duction de l\u2019impact \u00e9cologique sans compromis sur l\u2019efficacit\u00e9.<\/p>\n<\/div>\n\n\n\n<div class=\"wp-block-column is-layout-flow wp-container-core-column-is-layout-e3d1c41b wp-block-column-is-layout-flow\">\n<h3 class=\"wp-block-heading has-text-align-left is-style-asterisk has-body-font-family has-medium-font-size\" style=\"font-style:normal;font-weight:600\">\ud83e\uddfc Qualit\u00e9 &amp; rigueur<\/h3>\n\n\n\n<p class=\"has-text-align-left\">Des prestations soign\u00e9es, des contr\u00f4les r\u00e9guliers et un haut niveau d\u2019exigence pour garantir une propret\u00e9 irr\u00e9prochable.<\/p>\n<\/div>\n\n\n\n<div class=\"wp-block-column is-layout-flow wp-container-core-column-is-layout-e3d1c41b wp-block-column-is-layout-flow\">\n<h3 class=\"wp-block-heading has-text-align-left is-style-asterisk has-body-font-family has-medium-font-size\" style=\"font-style:normal;font-weight:600\">\u267b\ufe0f Engagement durable<\/h3>\n\n\n\n<p class=\"has-text-align-left\">Une d\u00e9marche responsable int\u00e9gr\u00e9e \u00e0 chaque intervention, pens\u00e9e pour pr\u00e9server la sant\u00e9 des occupants et de la plan\u00e8te.<\/p>\n<\/div>\n<\/div>\n\n\n\n<div style=\"height:var(--wp--preset--spacing--20)\" aria-hidden=\"true\" class=\"wp-block-spacer\"><\/div>\n\n\n\n<div class=\"wp-block-columns alignwide is-layout-flex wp-container-core-columns-is-layout-d0bbbce0 wp-block-columns-is-layout-flex\">\n<div class=\"wp-block-column is-layout-flow wp-container-core-column-is-layout-e3d1c41b wp-block-column-is-layout-flow\">\n<h3 class=\"wp-block-heading has-text-align-left is-style-asterisk has-body-font-family has-medium-font-size\" style=\"font-style:normal;font-weight:600\">\ud83d\udc65 \u00c9quipe qualifi\u00e9e<\/h3>\n\n\n\n<p class=\"has-text-align-left\">Un personnel form\u00e9, discret et professionnel, sensibilis\u00e9 aux bonnes pratiques du nettoyage \u00e9cologique.<\/p>\n<\/div>\n\n\n\n<div class=\"wp-block-column is-layout-flow wp-container-core-column-is-layout-e3d1c41b wp-block-column-is-layout-flow\">\n<h3 class=\"wp-block-heading has-text-align-left is-style-asterisk has-body-font-family has-medium-font-size\" style=\"font-style:normal;font-weight:600\">\ud83c\udfe2 Solutions pour professionnels &amp; syndics<\/h3>\n\n\n\n<p class=\"has-text-align-left\">Des prestations adapt\u00e9es aux besoins sp\u00e9cifiques des entreprises, bureaux, immeubles et copropri\u00e9t\u00e9s.<\/p>\n<\/div>\n\n\n\n<div class=\"wp-block-column is-layout-flow wp-container-core-column-is-layout-e3d1c41b wp-block-column-is-layout-flow\">\n<h3 class=\"wp-block-heading has-text-align-left is-style-asterisk has-body-font-family has-medium-font-size\" style=\"font-style:normal;font-weight:600\">\ud83e\udd1d Proximit\u00e9 &amp; confiance<\/h3>\n\n\n\n<p class=\"has-text-align-left\">Un interlocuteur unique, une \u00e9coute attentive et une relation bas\u00e9e sur la transparence et la fiabilit\u00e9.<\/p>\n<\/div>\n<\/div>\n\n\n\n<div class=\"wp-block-uagb-container uagb-block-244df7a5 alignfull uagb-is-root-container\"><div class=\"uagb-container-inner-blocks-wrap\"><\/div><\/div>\n<\/div>\n","protected":false},"excerpt":{"rendered":"<p>Un engagement fort pour un nettoyage \u00e9cologique et responsable Fond\u00e9e en 2025, Oxipro Nettoyage s\u2019est rapidement impos\u00e9e comme un acteur de confiance aupr\u00e8s des professionnels et des syndics de propri\u00e9t\u00e9. Gr\u00e2ce \u00e0 la qualit\u00e9 et au s\u00e9rieux de ses prestations, l\u2019entreprise intervient sur les secteurs de Castelnaudary, Carcassonne, Revel, Toulouse et leurs alentours. Agir pour [&hellip;]<\/p>\n","protected":false},"author":1,"featured_media":94,"parent":0,"menu_order":0,"comment_status":"closed","ping_status":"closed","template":"","meta":{"_uag_custom_page_level_css":"","footnotes":""},"class_list":["post-57","page","type-page","status-publish","has-post-thumbnail","hentry"],"uagb_featured_image_src":{"full":["https:\/\/oxipro-nettoyage.fr\/wp-content\/uploads\/2026\/02\/Borcelle.png",1004,650,false],"thumbnail":["https:\/\/oxipro-nettoyage.fr\/wp-content\/uploads\/2026\/02\/Borcelle-150x150.png",150,150,true],"medium":["https:\/\/oxipro-nettoyage.fr\/wp-content\/uploads\/2026\/02\/Borcelle-300x194.png",300,194,true],"medium_large":["https:\/\/oxipro-nettoyage.fr\/wp-content\/uploads\/2026\/02\/Borcelle-768x497.png",768,497,true],"large":["https:\/\/oxipro-nettoyage.fr\/wp-content\/uploads\/2026\/02\/Borcelle.png",1004,650,false],"1536x1536":["https:\/\/oxipro-nettoyage.fr\/wp-content\/uploads\/2026\/02\/Borcelle.png",1004,650,false],"2048x2048":["https:\/\/oxipro-nettoyage.fr\/wp-content\/uploads\/2026\/02\/Borcelle.png",1004,650,false]},"uagb_author_info":{"display_name":"admin2791","author_link":"https:\/\/oxipro-nettoyage.fr\/index.php\/author\/admin2791\/"},"uagb_comment_info":0,"uagb_excerpt":"Un engagement fort pour un nettoyage \u00e9cologique et responsable Fond\u00e9e en 2025, Oxipro Nettoyage s\u2019est rapidement impos\u00e9e comme un acteur de confiance aupr\u00e8s des professionnels et des syndics de propri\u00e9t\u00e9. Gr\u00e2ce \u00e0 la qualit\u00e9 et au s\u00e9rieux de ses prestations, l\u2019entreprise intervient sur les secteurs de Castelnaudary, Carcassonne, Revel, Toulouse et leurs alentours. Agir pour\u2026","_links":{"self":[{"href":"https:\/\/oxipro-nettoyage.fr\/index.php\/wp-json\/wp\/v2\/pages\/57","targetHints":{"allow":["GET"]}}],"collection":[{"href":"https:\/\/oxipro-nettoyage.fr\/index.php\/wp-json\/wp\/v2\/pages"}],"about":[{"href":"https:\/\/oxipro-nettoyage.fr\/index.php\/wp-json\/wp\/v2\/types\/page"}],"author":[{"embeddable":true,"href":"https:\/\/oxipro-nettoyage.fr\/index.php\/wp-json\/wp\/v2\/users\/1"}],"replies":[{"embeddable":true,"href":"https:\/\/oxipro-nettoyage.fr\/index.php\/wp-json\/wp\/v2\/comments?post=57"}],"version-history":[{"count":4,"href":"https:\/\/oxipro-nettoyage.fr\/index.php\/wp-json\/wp\/v2\/pages\/57\/revisions"}],"predecessor-version":[{"id":93,"href":"https:\/\/oxipro-nettoyage.fr\/index.php\/wp-json\/wp\/v2\/pages\/57\/revisions\/93"}],"wp:featuredmedia":[{"embeddable":true,"href":"https:\/\/oxipro-nettoyage.fr\/index.php\/wp-json\/wp\/v2\/media\/94"}],"wp:attachment":[{"href":"https:\/\/oxipro-nettoyage.fr\/index.php\/wp-json\/wp\/v2\/media?parent=57"}],"curies":[{"name":"wp","href":"https:\/\/api.w.org\/{rel}","templated":true}]}}