{"id":8,"date":"2026-02-07T15:37:54","date_gmt":"2026-02-07T15:37:54","guid":{"rendered":"https:\/\/oxipro-nettoyage.fr\/index.php\/prestations\/"},"modified":"2026-02-10T09:48:21","modified_gmt":"2026-02-10T09:48:21","slug":"prestations","status":"publish","type":"page","link":"https:\/\/oxipro-nettoyage.fr\/index.php\/prestations\/","title":{"rendered":"Quels sont nos services de nettoyage ?"},"content":{"rendered":"\n<hr class=\"wp-block-separator has-alpha-channel-opacity is-style-wide\" style=\"margin-top:0;margin-bottom:0\"\/>\n\n\n\n<div style=\"height:40px\" aria-hidden=\"true\" class=\"wp-block-spacer\"><\/div>\n\n\n\n<ul class=\"wp-block-list\">\n<li><strong>Entretien des bureaux<\/strong><br><br>Nous prenons en charge le nettoyage courant de vos espaces de travail : entretien des surfaces, vidage des poubelles, d\u00e9sinfection des points de contact et des sanitaires. Une prestation r\u00e9guli\u00e8re, discr\u00e8te et rigoureuse pour garantir des bureaux propres et accueillants au quotidien.<\/li>\n<\/ul>\n\n\n\n<figure class=\"wp-block-image size-full\"><img loading=\"lazy\" decoding=\"async\" width=\"728\" height=\"486\" src=\"https:\/\/oxipro-nettoyage.fr\/wp-content\/uploads\/2026\/02\/techniques-nettoyage-1.jpg\" alt=\"\" class=\"wp-image-86\" srcset=\"https:\/\/oxipro-nettoyage.fr\/wp-content\/uploads\/2026\/02\/techniques-nettoyage-1.jpg 728w, https:\/\/oxipro-nettoyage.fr\/wp-content\/uploads\/2026\/02\/techniques-nettoyage-1-300x200.jpg 300w\" sizes=\"auto, (max-width: 728px) 100vw, 728px\" \/><\/figure>\n\n\n\n<div style=\"height:40px\" aria-hidden=\"true\" class=\"wp-block-spacer\"><\/div>\n\n\n\n<div class=\"wp-block-group is-nowrap is-layout-flex wp-container-core-group-is-layout-6c531013 wp-block-group-is-layout-flex\">\n<ul class=\"wp-block-list\">\n<li><strong>Nettoyage de fin de chantier<\/strong><br><br>\u00c0 l\u2019issue de vos travaux, notre \u00e9quipe intervient pour assurer un nettoyage complet des locaux. \u00c9vacuation des d\u00e9chets, suppression des poussi\u00e8res et r\u00e9sidus, remise en \u00e9tat des espaces : tout est pr\u00e9par\u00e9 pour une livraison impeccable.<\/li>\n<\/ul>\n<\/div>\n\n\n\n<figure class=\"wp-block-image size-full\"><img loading=\"lazy\" decoding=\"async\" width=\"780\" height=\"383\" src=\"https:\/\/oxipro-nettoyage.fr\/wp-content\/uploads\/2026\/02\/3f09f48cb04bb03fb28af388d5713613.jpeg\" alt=\"\" class=\"wp-image-85\" srcset=\"https:\/\/oxipro-nettoyage.fr\/wp-content\/uploads\/2026\/02\/3f09f48cb04bb03fb28af388d5713613.jpeg 780w, https:\/\/oxipro-nettoyage.fr\/wp-content\/uploads\/2026\/02\/3f09f48cb04bb03fb28af388d5713613-300x147.jpeg 300w, https:\/\/oxipro-nettoyage.fr\/wp-content\/uploads\/2026\/02\/3f09f48cb04bb03fb28af388d5713613-768x377.jpeg 768w\" sizes=\"auto, (max-width: 780px) 100vw, 780px\" \/><\/figure>\n\n\n\n<div style=\"height:40px\" aria-hidden=\"true\" class=\"wp-block-spacer\"><\/div>\n\n\n\n<div class=\"wp-block-group is-nowrap is-layout-flex wp-container-core-group-is-layout-6c531013 wp-block-group-is-layout-flex\">\n<ul class=\"wp-block-list\">\n<li><strong>Nettoyage de vitres<\/strong><br><br>Nous assurons l\u2019entretien de toutes vos surfaces vitr\u00e9es, qu\u2019il s\u2019agisse de vitrines, cloisons, baies vitr\u00e9es ou fa\u00e7ades. Un nettoyage pr\u00e9cis et sans traces pour optimiser la luminosit\u00e9 et valoriser votre image professionnelle.<\/li>\n<\/ul>\n<\/div>\n\n\n\n<figure class=\"wp-block-image size-full\"><img loading=\"lazy\" decoding=\"async\" width=\"748\" height=\"440\" src=\"https:\/\/oxipro-nettoyage.fr\/wp-content\/uploads\/2026\/02\/nettoyage-vitre-2.jpg\" alt=\"\" class=\"wp-image-87\" srcset=\"https:\/\/oxipro-nettoyage.fr\/wp-content\/uploads\/2026\/02\/nettoyage-vitre-2.jpg 748w, https:\/\/oxipro-nettoyage.fr\/wp-content\/uploads\/2026\/02\/nettoyage-vitre-2-300x176.jpg 300w\" sizes=\"auto, (max-width: 748px) 100vw, 748px\" \/><\/figure>\n\n\n\n<div style=\"height:40px\" aria-hidden=\"true\" class=\"wp-block-spacer\"><\/div>\n\n\n\n<ul class=\"wp-block-list\">\n<li><strong>Entretien des copropri\u00e9t\u00e9s<\/strong><br><br>Nous proposons des prestations adapt\u00e9es aux immeubles et r\u00e9sidences : nettoyage des parties communes, halls, escaliers, paliers et locaux techniques. Un entretien r\u00e9gulier pour garantir propret\u00e9, confort et bien-\u00eatre des occupants.<\/li>\n<\/ul>\n\n\n\n<figure class=\"wp-block-image size-full is-resized\"><img loading=\"lazy\" decoding=\"async\" width=\"600\" height=\"350\" src=\"https:\/\/oxipro-nettoyage.fr\/wp-content\/uploads\/2026\/02\/nettoyage-immeuble.jpeg\" alt=\"\" class=\"wp-image-90\" style=\"width:620px;height:auto\" srcset=\"https:\/\/oxipro-nettoyage.fr\/wp-content\/uploads\/2026\/02\/nettoyage-immeuble.jpeg 600w, https:\/\/oxipro-nettoyage.fr\/wp-content\/uploads\/2026\/02\/nettoyage-immeuble-300x175.jpeg 300w\" sizes=\"auto, (max-width: 600px) 100vw, 600px\" \/><\/figure>\n\n\n\n<div style=\"height:40px\" aria-hidden=\"true\" class=\"wp-block-spacer\"><\/div>\n\n\n\n<ul class=\"wp-block-list\">\n<li><strong>Nettoyage de s\u00e9pultures<\/strong><br><br>Nous r\u00e9alisons le nettoyage et l\u2019entretien des s\u00e9pultures avec respect et discr\u00e9tion : lavage des monuments, retrait des mousses et salissures, remise en \u00e9tat soign\u00e9e pour pr\u00e9server la dignit\u00e9 des lieux de recueillement.<\/li>\n<\/ul>\n\n\n\n<figure class=\"wp-block-image size-full is-resized\"><img loading=\"lazy\" decoding=\"async\" width=\"500\" height=\"334\" src=\"https:\/\/oxipro-nettoyage.fr\/wp-content\/uploads\/2026\/02\/entreprise-dentretien-et-nettoyage-de-tombes-en-cimetieres.jpg\" alt=\"\" class=\"wp-image-91\" style=\"width:620px;height:auto\" srcset=\"https:\/\/oxipro-nettoyage.fr\/wp-content\/uploads\/2026\/02\/entreprise-dentretien-et-nettoyage-de-tombes-en-cimetieres.jpg 500w, https:\/\/oxipro-nettoyage.fr\/wp-content\/uploads\/2026\/02\/entreprise-dentretien-et-nettoyage-de-tombes-en-cimetieres-300x200.jpg 300w\" sizes=\"auto, (max-width: 500px) 100vw, 500px\" \/><\/figure>\n\n\n\n<div style=\"height:40px\" aria-hidden=\"true\" class=\"wp-block-spacer\"><\/div>\n","protected":false},"excerpt":{"rendered":"","protected":false},"author":1,"featured_media":0,"parent":0,"menu_order":0,"comment_status":"closed","ping_status":"closed","template":"","meta":{"_uag_custom_page_level_css":"","footnotes":""},"class_list":["post-8","page","type-page","status-publish","hentry"],"uagb_featured_image_src":{"full":false,"thumbnail":false,"medium":false,"medium_large":false,"large":false,"1536x1536":false,"2048x2048":false},"uagb_author_info":{"display_name":"admin2791","author_link":"https:\/\/oxipro-nettoyage.fr\/index.php\/author\/admin2791\/"},"uagb_comment_info":0,"uagb_excerpt":null,"_links":{"self":[{"href":"https:\/\/oxipro-nettoyage.fr\/index.php\/wp-json\/wp\/v2\/pages\/8","targetHints":{"allow":["GET"]}}],"collection":[{"href":"https:\/\/oxipro-nettoyage.fr\/index.php\/wp-json\/wp\/v2\/pages"}],"about":[{"href":"https:\/\/oxipro-nettoyage.fr\/index.php\/wp-json\/wp\/v2\/types\/page"}],"author":[{"embeddable":true,"href":"https:\/\/oxipro-nettoyage.fr\/index.php\/wp-json\/wp\/v2\/users\/1"}],"replies":[{"embeddable":true,"href":"https:\/\/oxipro-nettoyage.fr\/index.php\/wp-json\/wp\/v2\/comments?post=8"}],"version-history":[{"count":8,"href":"https:\/\/oxipro-nettoyage.fr\/index.php\/wp-json\/wp\/v2\/pages\/8\/revisions"}],"predecessor-version":[{"id":113,"href":"https:\/\/oxipro-nettoyage.fr\/index.php\/wp-json\/wp\/v2\/pages\/8\/revisions\/113"}],"wp:attachment":[{"href":"https:\/\/oxipro-nettoyage.fr\/index.php\/wp-json\/wp\/v2\/media?parent=8"}],"curies":[{"name":"wp","href":"https:\/\/api.w.org\/{rel}","templated":true}]}}