{"id":99,"date":"2026-02-10T09:36:34","date_gmt":"2026-02-10T09:36:34","guid":{"rendered":"https:\/\/oxipro-nettoyage.fr\/?page_id=99"},"modified":"2026-02-10T09:40:08","modified_gmt":"2026-02-10T09:40:08","slug":"mentions-legales","status":"publish","type":"page","link":"https:\/\/oxipro-nettoyage.fr\/index.php\/mentions-legales\/","title":{"rendered":"Mentions l\u00e9gales"},"content":{"rendered":"\n<div class=\"wp-block-group alignwide has-global-padding is-layout-constrained wp-block-group-is-layout-constrained\">\n<p>Nom du site :\u00a0www.oxipro-nettoyage.fr<br>Directeur de la publication : Mr Lieb\u00e9 Christopher<br>Email :\u00a0oxipro.nettoyage@gmail.com<\/p>\n\n\n\n<p>Adresse : 9 Rue de l&rsquo;abreuvoir<br>11410 &#8211; BARAIGNE<br>T\u00e9l : 06 23 05 72 04<br>Forme juridique : Auto-entrepreneur<br>Raison sociale : OXIPRO<br>SIRET : 92111349400022<\/p>\n\n\n\n<p>Le site est h\u00e9berg\u00e9 par WordPress.com<br><strong>Adresse :<\/strong> <a href=\"https:\/\/wordpress.com\">https:\/\/wordpress.com<\/a><br><strong>Contact :<\/strong> via le support WordPress<\/p>\n\n\n\n<p><strong>Propri\u00e9t\u00e9 intellectuelle :<\/strong><br>L\u2019ensemble du contenu pr\u00e9sent sur ce site (textes, images, logos, vid\u00e9os, graphismes) est la propri\u00e9t\u00e9 exclusive d\u2019Oxipro ou de ses partenaires et est prot\u00e9g\u00e9 par le droit de la propri\u00e9t\u00e9 intellectuelle. Toute reproduction, distribution, modification ou utilisation sans autorisation est strictement interdite.<\/p>\n\n\n\n<p><strong>Donn\u00e9es personnelles :<\/strong><br>Les informations collect\u00e9es via les formulaires de contact sont destin\u00e9es exclusivement \u00e0 Oxipro pour traiter vos demandes. Conform\u00e9ment au RGPD, vous disposez d\u2019un droit d\u2019acc\u00e8s, de rectification et de suppression de vos donn\u00e9es. Pour exercer ce droit, contactez-nous \u00e0 l\u2019adresse : <strong><a>oxipro.nettoyage@gmail.com<\/a><\/strong>.<\/p>\n\n\n\n<p><strong>Cookies :<\/strong><br>Le site peut utiliser des cookies pour am\u00e9liorer l\u2019exp\u00e9rience utilisateur. Vous pouvez les g\u00e9rer via les param\u00e8tres de votre navigateur.<\/p>\n\n\n\n<p><strong>Responsabilit\u00e9 :<\/strong><br>Oxipro ne peut \u00eatre tenu responsable des dommages directs ou indirects li\u00e9s \u00e0 l\u2019utilisation de ce site ou \u00e0 l\u2019impossibilit\u00e9 d\u2019y acc\u00e9der.<\/p>\n\n\n\n<p><strong>Litiges :<\/strong><br>Tout litige relatif \u00e0 l\u2019utilisation du site sera soumis au droit fran\u00e7ais.<\/p>\n<\/div>\n\n\n\n<p><\/p>\n","protected":false},"excerpt":{"rendered":"<p>Nom du site :\u00a0www.oxipro-nettoyage.frDirecteur de la publication : Mr Lieb\u00e9 ChristopherEmail :\u00a0oxipro.nettoyage@gmail.com Adresse : 9 Rue de l&rsquo;abreuvoir11410 &#8211; BARAIGNET\u00e9l : 06 23 05 72 04Forme juridique : Auto-entrepreneurRaison sociale : OXIPROSIRET : 92111349400022 Le site est h\u00e9berg\u00e9 par WordPress.comAdresse : https:\/\/wordpress.comContact : via le support WordPress Propri\u00e9t\u00e9 intellectuelle :L\u2019ensemble du contenu pr\u00e9sent sur ce [&hellip;]<\/p>\n","protected":false},"author":1,"featured_media":0,"parent":0,"menu_order":0,"comment_status":"closed","ping_status":"closed","template":"","meta":{"_uag_custom_page_level_css":"","footnotes":""},"class_list":["post-99","page","type-page","status-publish","hentry"],"uagb_featured_image_src":{"full":false,"thumbnail":false,"medium":false,"medium_large":false,"large":false,"1536x1536":false,"2048x2048":false},"uagb_author_info":{"display_name":"admin2791","author_link":"https:\/\/oxipro-nettoyage.fr\/index.php\/author\/admin2791\/"},"uagb_comment_info":0,"uagb_excerpt":"Nom du site :\u00a0www.oxipro-nettoyage.frDirecteur de la publication : Mr Lieb\u00e9 ChristopherEmail :\u00a0oxipro.nettoyage@gmail.com Adresse : 9 Rue de l&rsquo;abreuvoir11410 &#8211; BARAIGNET\u00e9l : 06 23 05 72 04Forme juridique : Auto-entrepreneurRaison sociale : OXIPROSIRET : 92111349400022 Le site est h\u00e9berg\u00e9 par WordPress.comAdresse : https:\/\/wordpress.comContact : via le support WordPress Propri\u00e9t\u00e9 intellectuelle :L\u2019ensemble du contenu pr\u00e9sent sur ce\u2026","_links":{"self":[{"href":"https:\/\/oxipro-nettoyage.fr\/index.php\/wp-json\/wp\/v2\/pages\/99","targetHints":{"allow":["GET"]}}],"collection":[{"href":"https:\/\/oxipro-nettoyage.fr\/index.php\/wp-json\/wp\/v2\/pages"}],"about":[{"href":"https:\/\/oxipro-nettoyage.fr\/index.php\/wp-json\/wp\/v2\/types\/page"}],"author":[{"embeddable":true,"href":"https:\/\/oxipro-nettoyage.fr\/index.php\/wp-json\/wp\/v2\/users\/1"}],"replies":[{"embeddable":true,"href":"https:\/\/oxipro-nettoyage.fr\/index.php\/wp-json\/wp\/v2\/comments?post=99"}],"version-history":[{"count":2,"href":"https:\/\/oxipro-nettoyage.fr\/index.php\/wp-json\/wp\/v2\/pages\/99\/revisions"}],"predecessor-version":[{"id":102,"href":"https:\/\/oxipro-nettoyage.fr\/index.php\/wp-json\/wp\/v2\/pages\/99\/revisions\/102"}],"wp:attachment":[{"href":"https:\/\/oxipro-nettoyage.fr\/index.php\/wp-json\/wp\/v2\/media?parent=99"}],"curies":[{"name":"wp","href":"https:\/\/api.w.org\/{rel}","templated":true}]}}